{"id":465,"date":"2026-02-22T06:14:28","date_gmt":"2026-02-22T06:14:28","guid":{"rendered":"http:\/\/61.247.189.150\/altra\/?page_id=465"},"modified":"2026-02-24T06:19:39","modified_gmt":"2026-02-24T06:19:39","slug":"external-waterproofing-of-basements-with-bitumen","status":"publish","type":"page","link":"http:\/\/61.247.189.150\/altra\/external-waterproofing-of-basements-with-bitumen\/","title":{"rendered":"External waterproofing of basements &#8211; with Bitumen"},"content":{"rendered":"<div class=\"wpb-content-wrapper\"><p>[vc_row][vc_column width=&#8221;2\/5&#8243; el_class=&#8221;solution-block&#8221;]<div class=\"dt-fancy-separator title-left h4-size\" style=\"width: 100%;\"><div class=\"dt-fancy-title\" style=\"color: #1E73BE;\"><span class=\"separator-holder separator-left\"><\/span>Key Facts<span class=\"separator-holder separator-right\"><\/span><\/div><\/div>[vc_empty_space height=&#8221;20px&#8221;][vc_column_text css=&#8221;.vc_custom_1771913976970{margin-bottom: 0px !important;}&#8221;]<\/p>\n<p style=\"text-align: left;\">Dry and absolutely watertight basements are not a matter of course. Optimum basement waterproofing belongs to the most important requirements for a building which is to remain untroubled by moisture damage over the longer term. As moisture can penetrate basements from different sides, it requires different waterproof systems in order to guarantee comprehensive protection and dry and mould free living.<\/p>\n<p>[\/vc_column_text][\/vc_column][vc_column width=&#8221;3\/5&#8243;][vc_single_image image=&#8221;466&#8243; img_size=&#8221;full&#8221; css=&#8221;.vc_custom_1771743545614{margin-bottom: 20px !important;}&#8221;][vc_row_inner el_class=&#8221;right-col-sol&#8221;][vc_column_inner width=&#8221;1\/3&#8243;][vc_single_image image=&#8221;469&#8243; img_size=&#8221;full&#8221; css=&#8221;.vc_custom_1771741508882{margin-bottom: 20px !important;}&#8221;][vc_column_text css=&#8221;&#8221;]<\/p>\n<h4><span style=\"color: #0000ff;\">1<\/span> Evening out the substrate (if required)<\/h4>\n<p>Level the surface with ASOCRET-M30 in one or with AQUAFIN-1K in a minimum of two coats by trowel or with suitable spray equipment.[\/vc_column_text][\/vc_column_inner][vc_column_inner width=&#8221;1\/3&#8243;][vc_single_image image=&#8221;468&#8243; img_size=&#8221;full&#8221; css=&#8221;.vc_custom_1771741515491{margin-bottom: 20px !important;}&#8221;][vc_column_text css=&#8221;&#8221;]<\/p>\n<h4><span style=\"color: #0000ff;\">2<\/span> Waterproofing wall-floor junctions<\/h4>\n<p>At the wall\/floor transition, construct a waterproof fillet with ASOCRET-M30. Apply a bonding slurry beforehand. This can be with either ASOCRET-M30 or AQUAFIN-1K. Alternatively, the waterproof fillet can be produced from ASO-Dichtband-2000-S.[\/vc_column_text][\/vc_column_inner][vc_column_inner width=&#8221;1\/3&#8243;][vc_single_image image=&#8221;467&#8243; img_size=&#8221;full&#8221; css=&#8221;.vc_custom_1771741521882{margin-bottom: 20px !important;}&#8221;][vc_column_text css=&#8221;&#8221;]<\/p>\n<h4><span style=\"color: #0000ff;\">3<\/span> Waterproofing pipe penetrations<\/h4>\n<p>Apply COMBIDIC-2K-PREMIUM with a 4 mm notched trowel and smoothen, bond the ADF-pipe gasket without folds and then completely overcoat.[\/vc_column_text][\/vc_column_inner][\/vc_row_inner][vc_row_inner el_class=&#8221;right-col-sol&#8221;][vc_column_inner width=&#8221;1\/3&#8243;][vc_single_image image=&#8221;483&#8243; img_size=&#8221;full&#8221; css=&#8221;.vc_custom_1771742765065{margin-bottom: 20px !important;}&#8221;][vc_column_text css=&#8221;&#8221;]<\/p>\n<h4><span style=\"color: #0000ff;\">4<\/span> Waterproofing the foundation base transition<\/h4>\n<p>Apply a minimum of 2 coats of AQUAFIN-RB400 with a brush, steel float or suitable spray equipment. Install up to at least 30 cm above and at least 20 cm below the ground level.[\/vc_column_text][\/vc_column_inner][vc_column_inner width=&#8221;1\/3&#8243;][vc_single_image image=&#8221;482&#8243; img_size=&#8221;full&#8221; css=&#8221;.vc_custom_1771742775303{margin-bottom: 20px !important;}&#8221;][vc_column_text css=&#8221;&#8221;]<\/p>\n<h4><span style=\"color: #0000ff;\">5<\/span> Priming<\/h4>\n<p>Before using COMBIDIC-2K-PREMIUM or COMBIDIDC-2K-CLASSIC, the substrate must be primed with ASOL-FE, diluted 1:5 with water.[\/vc_column_text][\/vc_column_inner][vc_column_inner width=&#8221;1\/3&#8243;][vc_single_image image=&#8221;481&#8243; img_size=&#8221;full&#8221; css=&#8221;.vc_custom_1771742787415{margin-bottom: 20px !important;}&#8221;][vc_column_text css=&#8221;&#8221;]<\/p>\n<h4><span style=\"color: #0000ff;\">6<\/span> Polymer modified bitumen coating &#8211; waterproofing<\/h4>\n<p>Apply COMBIDIC-2K-PREMIUM, COMBIDIC-2K-CLASSIC by trowel at a thickness appropriate for the type of moisture exposure. Apply the high build bitumen coating with a minimum 10 cm overlap over the foundation base waterproofing (picture 4).[\/vc_column_text][\/vc_column_inner][\/vc_row_inner][vc_row_inner el_class=&#8221;right-col-sol&#8221;][vc_column_inner width=&#8221;1\/3&#8243;][vc_single_image image=&#8221;480&#8243; img_size=&#8221;full&#8221; css=&#8221;.vc_custom_1771742800159{margin-bottom: 20px !important;}&#8221;][vc_column_text css=&#8221;&#8221;]<\/p>\n<h4><span style=\"color: #0000ff;\">7<\/span> Protective and drainage board<\/h4>\n<p>Once the waterproof coating has dried, apply blobs of the high build coating to the unlaminated side of a suitable protection and drainage element and press onto the substrate, which has been waterproofed.[\/vc_column_text][\/vc_column_inner][vc_column_inner width=&#8221;1\/3&#8243;][vc_single_image image=&#8221;479&#8243; img_size=&#8221;full&#8221; css=&#8221;.vc_custom_1771742809815{margin-bottom: 20px !important;}&#8221;][vc_column_text css=&#8221;&#8221;]<\/p>\n<h4><span style=\"color: #0000ff;\">8<\/span> Perimeter insulation<\/h4>\n<p>Coller l\u2018isolant conform\u00e9ment aux instructions du fabricant, serr\u00e9, en d\u00e9calant d\u2018une rang\u00e9e \u00e0 l\u2018autre, sur toute sa surface, avec COMBIDIC-2K-CLASSIC ou COMBIDIC-2K-PREMIUM.[\/vc_column_text][\/vc_column_inner][vc_column_inner width=&#8221;1\/3&#8243;][\/vc_column_inner][\/vc_row_inner][\/vc_column][\/vc_row]<\/p>\n<\/div>","protected":false},"excerpt":{"rendered":"<p>[vc_row][vc_column width=&#8221;2\/5&#8243; el_class=&#8221;solution-block&#8221;][vc_empty_space height=&#8221;20px&#8221;][vc_column_text css=&#8221;.vc_custom_1771913976970{margin-bottom: 0px !important;}&#8221;] Dry and absolutely watertight basements are not a matter of course. Optimum basement waterproofing belongs to the most important requirements for a building which is to remain untroubled by moisture damage over the longer term. As moisture can penetrate basements from different sides, it requires different waterproof systems&hellip;<\/p>\n","protected":false},"author":1,"featured_media":0,"parent":0,"menu_order":0,"comment_status":"closed","ping_status":"closed","template":"","meta":{"footnotes":""},"class_list":["post-465","page","type-page","status-publish","hentry","description-off"],"_links":{"self":[{"href":"http:\/\/61.247.189.150\/altra\/wp-json\/wp\/v2\/pages\/465","targetHints":{"allow":["GET"]}}],"collection":[{"href":"http:\/\/61.247.189.150\/altra\/wp-json\/wp\/v2\/pages"}],"about":[{"href":"http:\/\/61.247.189.150\/altra\/wp-json\/wp\/v2\/types\/page"}],"author":[{"embeddable":true,"href":"http:\/\/61.247.189.150\/altra\/wp-json\/wp\/v2\/users\/1"}],"replies":[{"embeddable":true,"href":"http:\/\/61.247.189.150\/altra\/wp-json\/wp\/v2\/comments?post=465"}],"version-history":[{"count":13,"href":"http:\/\/61.247.189.150\/altra\/wp-json\/wp\/v2\/pages\/465\/revisions"}],"predecessor-version":[{"id":599,"href":"http:\/\/61.247.189.150\/altra\/wp-json\/wp\/v2\/pages\/465\/revisions\/599"}],"wp:attachment":[{"href":"http:\/\/61.247.189.150\/altra\/wp-json\/wp\/v2\/media?parent=465"}],"curies":[{"name":"wp","href":"https:\/\/api.w.org\/{rel}","templated":true}]}}